{"id":27,"date":"2022-06-12T12:41:49","date_gmt":"2022-06-12T12:41:49","guid":{"rendered":"https:\/\/ammerkeramik-de.pro\/de\/page\/de\/kindergeschirr\/"},"modified":"2024-01-12T11:33:34","modified_gmt":"2024-01-12T10:33:34","slug":"kindergeschirr","status":"publish","type":"page","link":"https:\/\/ammerkeramik-de.pro\/de\/kindergeschirr\/","title":{"rendered":"Kindergeschirr"},"content":{"rendered":"\n<div class=\"wp-container-3 wp-block-columns\">\n<div class=\"wp-container-1 wp-block-column\">\n<h1>Kindergeschirr<\/h1>\n\n\n\n<p>Unser individuelles Kindergeschirr wird liebevoll von Hand bemalt und ist nat\u00fcrlich wie unser s\u00e4mtliches Sortiment ebenso sp\u00fclmaschinenfest und durch den hohen Brand auch sehr robust.<\/p>\n\n\n\n<p>Zur Auswahl steht eine gro\u00dfe Anzahl an Motiven:<br>Igel, Schnecke, Katze, Fische, B\u00e4r mit Biene, Hase, Blume mit Bienen, Ente, Frosch, Pferd, Schmetterling, Sonne, Clown-Bub, Clown-M\u00e4dchen, Segelboot und Eisenbahn.<br><br>Es gibt Kinderbecher, Kindersch\u00e4lchen, Kinderteller, f\u00fcr die gr\u00f6\u00dferen Kinder auch tiefer Teller und Essteller. Der Rand unseres Kindersch\u00e4lchen ist nach innen gerichtet. Schieben die Kinder den L\u00f6ffel mit dem Essen am Rand entlang, bleibt das Essen auf dem L\u00f6ffel.  <\/p>\n\n\n\n<p>Gerne k\u00f6nnen Sie alles auch mit Namen, Geburtstag, Spitznamen, Taufdatum usw. bestellen.<\/p>\n\n\n\n<p><\/p>\n<\/div>\n\n\n\n<div class=\"wp-container-2 wp-block-column\">\n<figure class=\"wp-block-image size-full\"><img loading=\"lazy\" width=\"400\" height=\"298\" src=\"https:\/\/ammerkeramik-de.pro\/de\/wp-content\/uploads\/sites\/4\/2022\/06\/pud_01-1.jpg\" alt=\"\" class=\"wp-image-793\" srcset=\"https:\/\/ammerkeramik-de.pro\/de\/wp-content\/uploads\/sites\/4\/2022\/06\/pud_01-1.jpg 400w, https:\/\/ammerkeramik-de.pro\/de\/wp-content\/uploads\/sites\/4\/2022\/06\/pud_01-1-300x224.jpg 300w\" sizes=\"(max-width: 400px) 100vw, 400px\" \/><\/figure>\n\n\n\n<figure class=\"wp-block-image size-full\"><img loading=\"lazy\" width=\"400\" height=\"300\" src=\"https:\/\/ammerkeramik-de.pro\/de\/wp-content\/uploads\/sites\/4\/2022\/06\/pud_02-1.jpg\" alt=\"\" class=\"wp-image-792\" srcset=\"https:\/\/ammerkeramik-de.pro\/de\/wp-content\/uploads\/sites\/4\/2022\/06\/pud_02-1.jpg 400w, https:\/\/ammerkeramik-de.pro\/de\/wp-content\/uploads\/sites\/4\/2022\/06\/pud_02-1-300x225.jpg 300w\" sizes=\"(max-width: 400px) 100vw, 400px\" \/><\/figure>\n\n\n\n<p><\/p>\n\n\n\n<p><\/p>\n<\/div>\n<\/div>\n\n\n\n<div class=\"wp-container-6 wp-block-columns\">\n<div class=\"wp-container-4 wp-block-column\">\n<figure class=\"wp-block-image size-full\"><img loading=\"lazy\" width=\"400\" height=\"300\" src=\"https:\/\/ammerkeramik-de.pro\/de\/wp-content\/uploads\/sites\/4\/2022\/06\/pud_03.jpg\" alt=\"\" class=\"wp-image-791\" srcset=\"https:\/\/ammerkeramik-de.pro\/de\/wp-content\/uploads\/sites\/4\/2022\/06\/pud_03.jpg 400w, https:\/\/ammerkeramik-de.pro\/de\/wp-content\/uploads\/sites\/4\/2022\/06\/pud_03-300x225.jpg 300w\" sizes=\"(max-width: 400px) 100vw, 400px\" \/><\/figure>\n<\/div>\n\n\n\n<div class=\"wp-container-5 wp-block-column\">\n<figure class=\"wp-block-image size-full\"><img loading=\"lazy\" width=\"400\" height=\"300\" src=\"https:\/\/ammerkeramik-de.pro\/de\/wp-content\/uploads\/sites\/4\/2022\/06\/pud_04.jpg\" alt=\"\" class=\"wp-image-794\" srcset=\"https:\/\/ammerkeramik-de.pro\/de\/wp-content\/uploads\/sites\/4\/2022\/06\/pud_04.jpg 400w, https:\/\/ammerkeramik-de.pro\/de\/wp-content\/uploads\/sites\/4\/2022\/06\/pud_04-300x225.jpg 300w\" sizes=\"(max-width: 400px) 100vw, 400px\" \/><\/figure>\n<\/div>\n<\/div>\n","protected":false},"excerpt":{"rendered":"<p>Kindergeschirr Unser individuelles Kindergeschirr wird liebevoll von Hand bemalt und ist nat\u00fcrlich wie unser s\u00e4mtliches Sortiment ebenso sp\u00fclmaschinenfest und durch den hohen Brand auch sehr robust. Zur Auswahl steht eine gro\u00dfe Anzahl an Motiven:Igel, Schnecke, Katze, Fische, B\u00e4r mit Biene, Hase, Blume mit Bienen, Ente, Frosch, Pferd, Schmetterling, Sonne, Clown-Bub, Clown-M\u00e4dchen, Segelboot und Eisenbahn. Es &hellip;<\/p>\n<p class=\"read-more\"> <a class=\"\" href=\"https:\/\/ammerkeramik-de.pro\/de\/kindergeschirr\/\"> <span class=\"screen-reader-text\">Kindergeschirr<\/span> Weiterlesen &raquo;<\/a><\/p>\n","protected":false},"author":1,"featured_media":354,"parent":0,"menu_order":0,"comment_status":"closed","ping_status":"closed","template":"","meta":{"site-sidebar-layout":"default","site-content-layout":"default","ast-global-header-display":"","ast-main-header-display":"","ast-hfb-above-header-display":"","ast-hfb-below-header-display":"","ast-hfb-mobile-header-display":"","site-post-title":"disabled","ast-breadcrumbs-content":"","ast-featured-img":"","footer-sml-layout":"","theme-transparent-header-meta":"default","adv-header-id-meta":"","stick-header-meta":"","header-above-stick-meta":"","header-main-stick-meta":"","header-below-stick-meta":""},"_links":{"self":[{"href":"https:\/\/ammerkeramik-de.pro\/de\/wp-json\/wp\/v2\/pages\/27"}],"collection":[{"href":"https:\/\/ammerkeramik-de.pro\/de\/wp-json\/wp\/v2\/pages"}],"about":[{"href":"https:\/\/ammerkeramik-de.pro\/de\/wp-json\/wp\/v2\/types\/page"}],"author":[{"embeddable":true,"href":"https:\/\/ammerkeramik-de.pro\/de\/wp-json\/wp\/v2\/users\/1"}],"replies":[{"embeddable":true,"href":"https:\/\/ammerkeramik-de.pro\/de\/wp-json\/wp\/v2\/comments?post=27"}],"version-history":[{"count":12,"href":"https:\/\/ammerkeramik-de.pro\/de\/wp-json\/wp\/v2\/pages\/27\/revisions"}],"predecessor-version":[{"id":897,"href":"https:\/\/ammerkeramik-de.pro\/de\/wp-json\/wp\/v2\/pages\/27\/revisions\/897"}],"wp:featuredmedia":[{"embeddable":true,"href":"https:\/\/ammerkeramik-de.pro\/de\/wp-json\/wp\/v2\/media\/354"}],"wp:attachment":[{"href":"https:\/\/ammerkeramik-de.pro\/de\/wp-json\/wp\/v2\/media?parent=27"}],"curies":[{"name":"wp","href":"https:\/\/api.w.org\/{rel}","templated":true}]}}