{"id":5,"date":"2022-06-12T12:41:49","date_gmt":"2022-06-12T12:41:49","guid":{"rendered":"https:\/\/ammerkeramik-de.pro\/de\/ausstellung\/"},"modified":"2026-02-15T20:30:54","modified_gmt":"2026-02-15T19:30:54","slug":"ausstellung","status":"publish","type":"page","link":"https:\/\/ammerkeramik-de.pro\/de\/ausstellung\/","title":{"rendered":"Ausstellung"},"content":{"rendered":"\n<div class=\"wp-container-3 wp-block-columns\">\n<div class=\"wp-container-1 wp-block-column\">\n<h2><strong>WEIHNACHTSAUSSTELLUNG 2026<\/strong><br><strong>in der ammerkeramik<\/strong><\/h2>\n\n\n\n<p><b>Sa. 28.11.2026 10 &#8211; 18 Uhr<\/b><br>Er\u00f6ffnung Weihnachtsausstellung<\/p>\n\n\n\n<p><b>Sa. 05.12.2026 10-18 Uhr<\/b><br>Lange Einkaufsnacht in T\u00fcbingen<\/p>\n\n\n\n<p><strong>Sa. 11.-13.12.2026 <\/strong>  finden Sie uns auch auf<br>dem T\u00fcbinger Weihnachtsmarkt an der &#8222;Krummen Br\u00fccke&#8220;<\/p>\n\n\n\n<p><b>Sa. 19.12.2026 10-18 Uhr<\/b><\/p>\n\n\n\n<p><\/p>\n<\/div>\n\n\n\n<div class=\"wp-container-2 wp-block-column\">\n<figure class=\"wp-block-image size-full\"><img loading=\"lazy\" width=\"1024\" height=\"482\" src=\"https:\/\/ammerkeramik-de.pro\/de\/wp-content\/uploads\/sites\/4\/2022\/06\/pud_36_big.jpg\" alt=\"\" class=\"wp-image-546\" srcset=\"https:\/\/ammerkeramik-de.pro\/de\/wp-content\/uploads\/sites\/4\/2022\/06\/pud_36_big.jpg 1024w, https:\/\/ammerkeramik-de.pro\/de\/wp-content\/uploads\/sites\/4\/2022\/06\/pud_36_big-300x141.jpg 300w, https:\/\/ammerkeramik-de.pro\/de\/wp-content\/uploads\/sites\/4\/2022\/06\/pud_36_big-768x362.jpg 768w\" sizes=\"(max-width: 1024px) 100vw, 1024px\" \/><\/figure>\n<\/div>\n<\/div>\n","protected":false},"excerpt":{"rendered":"<p>WEIHNACHTSAUSSTELLUNG 2026in der ammerkeramik Sa. 28.11.2026 10 &#8211; 18 UhrEr\u00f6ffnung Weihnachtsausstellung Sa. 05.12.2026 10-18 UhrLange Einkaufsnacht in T\u00fcbingen Sa. 11.-13.12.2026 finden Sie uns auch aufdem T\u00fcbinger Weihnachtsmarkt an der &#8222;Krummen Br\u00fccke&#8220; Sa. 19.12.2026 10-18 Uhr<\/p>\n","protected":false},"author":1,"featured_media":353,"parent":0,"menu_order":0,"comment_status":"closed","ping_status":"closed","template":"","meta":{"site-sidebar-layout":"default","site-content-layout":"default","ast-global-header-display":"","ast-main-header-display":"","ast-hfb-above-header-display":"","ast-hfb-below-header-display":"","ast-hfb-mobile-header-display":"","site-post-title":"disabled","ast-breadcrumbs-content":"","ast-featured-img":"","footer-sml-layout":"","theme-transparent-header-meta":"default","adv-header-id-meta":"","stick-header-meta":"","header-above-stick-meta":"","header-main-stick-meta":"","header-below-stick-meta":""},"_links":{"self":[{"href":"https:\/\/ammerkeramik-de.pro\/de\/wp-json\/wp\/v2\/pages\/5"}],"collection":[{"href":"https:\/\/ammerkeramik-de.pro\/de\/wp-json\/wp\/v2\/pages"}],"about":[{"href":"https:\/\/ammerkeramik-de.pro\/de\/wp-json\/wp\/v2\/types\/page"}],"author":[{"embeddable":true,"href":"https:\/\/ammerkeramik-de.pro\/de\/wp-json\/wp\/v2\/users\/1"}],"replies":[{"embeddable":true,"href":"https:\/\/ammerkeramik-de.pro\/de\/wp-json\/wp\/v2\/comments?post=5"}],"version-history":[{"count":17,"href":"https:\/\/ammerkeramik-de.pro\/de\/wp-json\/wp\/v2\/pages\/5\/revisions"}],"predecessor-version":[{"id":1033,"href":"https:\/\/ammerkeramik-de.pro\/de\/wp-json\/wp\/v2\/pages\/5\/revisions\/1033"}],"wp:featuredmedia":[{"embeddable":true,"href":"https:\/\/ammerkeramik-de.pro\/de\/wp-json\/wp\/v2\/media\/353"}],"wp:attachment":[{"href":"https:\/\/ammerkeramik-de.pro\/de\/wp-json\/wp\/v2\/media?parent=5"}],"curies":[{"name":"wp","href":"https:\/\/api.w.org\/{rel}","templated":true}]}}